{"id":12968,"date":"2021-09-01T12:02:34","date_gmt":"2021-09-01T12:02:34","guid":{"rendered":"https:\/\/elementor.zozothemes.com\/interiar\/our-services-copy\/"},"modified":"2021-09-01T12:02:34","modified_gmt":"2021-09-01T12:02:34","slug":"testimonials","status":"publish","type":"page","link":"https:\/\/www.sabinepedrero.com\/index.php\/testimonials\/","title":{"rendered":"Testimonials"},"content":{"rendered":"\t\t<div data-elementor-type=\"wp-page\" data-elementor-id=\"12968\" class=\"elementor elementor-12968\">\n\t\t\t\t\t\t<section class=\"elementor-section elementor-top-section elementor-element elementor-element-c25ad20 elementor-section-stretched elementor-section-boxed elementor-section-height-default elementor-section-height-default wpr-particle-no wpr-jarallax-no wpr-parallax-no wpr-sticky-section-no wpr-equal-height-no\" data-id=\"c25ad20\" data-element_type=\"section\" data-settings=\"{&quot;stretch_section&quot;:&quot;section-stretched&quot;,&quot;background_background&quot;:&quot;classic&quot;}\">\n\t\t\t\t\t\t\t<div class=\"elementor-background-overlay\"><\/div>\n\t\t\t\t\t\t\t<div class=\"elementor-container elementor-column-gap-no\">\n\t\t\t\t\t<div class=\"elementor-column elementor-col-100 elementor-top-column elementor-element elementor-element-fae3137\" data-id=\"fae3137\" data-element_type=\"column\">\n\t\t\t<div class=\"elementor-widget-wrap elementor-element-populated\">\n\t\t\t\t\t\t<section class=\"elementor-section elementor-inner-section elementor-element elementor-element-e0b1d3b elementor-section-boxed elementor-section-height-default elementor-section-height-default wpr-particle-no wpr-jarallax-no wpr-parallax-no wpr-sticky-section-no wpr-equal-height-no\" data-id=\"e0b1d3b\" data-element_type=\"section\">\n\t\t\t\t\t\t<div class=\"elementor-container elementor-column-gap-default\">\n\t\t\t\t\t<div class=\"elementor-column elementor-col-50 elementor-inner-column elementor-element elementor-element-1095681\" data-id=\"1095681\" data-element_type=\"column\">\n\t\t\t<div class=\"elementor-widget-wrap\">\n\t\t\t\t\t\t\t<\/div>\n\t\t<\/div>\n\t\t\t\t<div class=\"elementor-column elementor-col-50 elementor-inner-column elementor-element elementor-element-6500e92\" data-id=\"6500e92\" data-element_type=\"column\">\n\t\t\t<div class=\"elementor-widget-wrap elementor-element-populated\">\n\t\t\t\t\t\t<div class=\"elementor-element elementor-element-3185d28 cea-tablet-align-center elementor-widget elementor-widget-ceasectiontitle\" data-id=\"3185d28\" data-element_type=\"widget\" data-widget_type=\"ceasectiontitle.default\">\n\t\t\t\t<div class=\"elementor-widget-container\">\n\t\t\t<div class=\"section-title-wrapper\"><div class=\"title-wrap\"><h6 class=\"sub-title\">Testimonials<\/h6><h2 class=\"section-title\">Our Customers Say<\/h2><\/div><!-- .title-wrap --><div class=\"section-description\"><\/div><!-- .section-description --><\/div><!-- .section-title-wrapper -->\t\t<\/div>\n\t\t\t\t<\/div>\n\t\t\t\t\t<\/div>\n\t\t<\/div>\n\t\t\t\t\t<\/div>\n\t\t<\/section>\n\t\t\t\t<section class=\"elementor-section elementor-inner-section elementor-element elementor-element-e493d36 elementor-section-boxed elementor-section-height-default elementor-section-height-default wpr-particle-no wpr-jarallax-no wpr-parallax-no wpr-sticky-section-no wpr-equal-height-no\" data-id=\"e493d36\" data-element_type=\"section\">\n\t\t\t\t\t\t<div class=\"elementor-container elementor-column-gap-default\">\n\t\t\t\t\t<div class=\"elementor-column elementor-col-100 elementor-inner-column elementor-element elementor-element-f9f02c5\" data-id=\"f9f02c5\" data-element_type=\"column\">\n\t\t\t<div class=\"elementor-widget-wrap elementor-element-populated\">\n\t\t\t\t\t\t<div class=\"elementor-element elementor-element-08c89c2 elementor-widget elementor-widget-ceatestimonial\" data-id=\"08c89c2\" data-element_type=\"widget\" data-widget_type=\"ceatestimonial.default\">\n\t\t\t\t\r\n\t\t<div class=\"elementor-widget-container testimonial-wrapper testimonial-style-list testimonial-light testimonial-slide-model\">\r\n\t\t\r\n\t\t\t<div class=\"cea-carousel owl-carousel\" data-loop=\"1\" data-margin=\"30\" data-center=\"1\" data-nav=\"1\" data-dots=\"0\" data-autoplay=\"1\" data-items=\"1\" data-items-tab=\"1\" data-items-mob=\"1\" data-duration=\"500000\" data-smartspeed=\"250\" data-scrollby=\"1\" data-autoheight=\"0\"><div class=\"owl-carousel-item\"><div class=\"testimonial-inner\"><div class=\"media\"><div class=\"post-thumb\"><\/div><!-- .post-thumb --><div class=\"media-body\"><div class=\"post-excerpt\"><p>\u00ab\u00a0J\u2019ai contact\u00e9 Sabine, en premier lieu, pour la restauration de deux anciens fauteuils berg\u00e8res. Elle m\u2019a \u00e9t\u00e9 d\u2019une grande aide dans le choix des tissus, gr\u00e2ce \u00e0\u00a0sa capacit\u00e9 de visualiser ce qui s\u2019int\u00e9grera au mieux dans un espace. J\u2019ai eu raison de..<\/p>\n<\/div><!-- .post-excerpt --><h5 class=\"post-title-head\"><a href=\"https:\/\/www.sabinepedrero.com\/index.php\/testimonial\/kane-williamson\/\" class=\"client-name post-title\">Pascal Hervault<\/a><\/h5><div class=\"top-meta clearfix\"><ul class=\"nav top-meta-list meta-left\"><li><div class=\"testimonial-info\"><span class=\"client-designation d-block\">Particulier<\/span><\/div><!-- .testimonial-info --><\/li><\/ul><\/div><\/div><!-- .media --><\/div><!-- .media-body --><\/div><!-- .testimonial-inner --><\/div><!-- .col \/ .owl-carousel-item \/ .isotope --><div class=\"owl-carousel-item\"><div class=\"testimonial-inner\"><div class=\"media\"><div class=\"post-thumb\"><\/div><!-- .post-thumb --><div class=\"media-body\"><div class=\"post-excerpt\"><p>\u00ab\u00a0En tant que 1er adjoint au maire de Chalifert, j\u2019ai connu Sabine Pedrero gr\u00e2ce \u00e0 son\u00a0engagement pour la commune. Au tout d\u00e9but de la pand\u00e9mie, elle a apport\u00e9 aux enfants de l\u2019\u00e9cole,\u00a0des masques qu\u2019elle avait confectionn\u00e9s elle-m\u00eame. Elle est intervenue chez nous..<\/p>\n<\/div><!-- .post-excerpt --><h5 class=\"post-title-head\"><a href=\"https:\/\/www.sabinepedrero.com\/index.php\/testimonial\/laura-wilburn\/\" class=\"client-name post-title\">Fran\u00e7ois Traeger<\/a><\/h5><div class=\"top-meta clearfix\"><ul class=\"nav top-meta-list meta-left\"><li><div class=\"testimonial-info\"><span class=\"client-designation d-block\">1er adjoint au Maire<\/span><\/div><!-- .testimonial-info --><\/li><\/ul><\/div><\/div><!-- .media --><\/div><!-- .media-body --><\/div><!-- .testimonial-inner --><\/div><!-- .col \/ .owl-carousel-item \/ .isotope --><div class=\"owl-carousel-item\"><div class=\"testimonial-inner\"><div class=\"media\"><div class=\"post-thumb\"><\/div><!-- .post-thumb --><div class=\"media-body\"><div class=\"post-excerpt\"><p>\u00ab\u00a0J\u2019ai rencontr\u00e9 Sabine dans le cadre du Club des Entrepreneurs du Val d\u2019Europe. Un jour alors que je regardais l\u2019usure de mon fauteuil \u00ab Club \u00bb, vieux de 20 ans, j\u2019ai r\u00e9alis\u00e9 que Sabine pouvait faire en sorte qu\u2019il retrouve son \u00e9clat..<\/p>\n<\/div><!-- .post-excerpt --><h5 class=\"post-title-head\"><a href=\"https:\/\/www.sabinepedrero.com\/index.php\/testimonial\/john-david\/\" class=\"client-name post-title\">Karine Vanderschrick<\/a><\/h5><div class=\"top-meta clearfix\"><ul class=\"nav top-meta-list meta-left\"><li><div class=\"testimonial-info\"><span class=\"client-designation d-block\">Entrepreneure<\/span><\/div><!-- .testimonial-info --><\/li><\/ul><\/div><\/div><!-- .media --><\/div><!-- .media-body --><\/div><!-- .testimonial-inner --><\/div><!-- .col \/ .owl-carousel-item \/ .isotope --><div class=\"owl-carousel-item\"><div class=\"testimonial-inner\"><div class=\"media\"><div class=\"media-body\"><div class=\"post-excerpt\"><p>\u00ab\u00a0En tant qu&rsquo;architecte d\u2019int\u00e9rieur, j\u2019ai connu Sabine gr\u00e2ce au CEVE, un r\u00e9seau d\u2019entrepreneurs dans lequel nous faisons toutes les deux partie. Elle est intervenue pour un client, sur la restauration d\u2019un fauteuil relaxant \u00e9lectrique. C\u2019\u00e9tait un projet assez complexe, de par la..<\/p>\n<\/div><!-- .post-excerpt --><h5 class=\"post-title-head\"><a href=\"https:\/\/www.sabinepedrero.com\/index.php\/testimonial\/gitte-peyro-saint-paul\/\" class=\"client-name post-title\">Gitte Peyro-Saint-Paul<\/a><\/h5><div class=\"top-meta clearfix\"><ul class=\"nav top-meta-list meta-left\"><li><div class=\"testimonial-info\"><span class=\"client-designation d-block\">Architecte d&#039;int\u00e9rieur<\/span><\/div><!-- .testimonial-info --><\/li><\/ul><\/div><\/div><!-- .media --><\/div><!-- .media-body --><\/div><!-- .testimonial-inner --><\/div><!-- .col \/ .owl-carousel-item \/ .isotope --><\/div><!-- .owl-carousel -->\t\t\t\r\n\t\t<\/div>\r\n\t\t\t\t<\/div>\n\t\t\t\t\t<\/div>\n\t\t<\/div>\n\t\t\t\t\t<\/div>\n\t\t<\/section>\n\t\t\t\t\t<\/div>\n\t\t<\/div>\n\t\t\t\t\t<\/div>\n\t\t<\/section>\n\t\t\t\t<\/div>\n\t\t","protected":false},"excerpt":{"rendered":"<p>Testimonials Our Customers Say &#8220;Id mattis augue nunc, urna sit pharetra. In sed turpis convallis sed. Diam mauris, nullam non sed diam massa non. Ornare quis pulvinar congue nulla massa pharetra. Tincidunt erat fermentum, mattis nunc, ipsum, sed sollicitudin. Libero mus etiam..<\/p>\n","protected":false},"author":1,"featured_media":0,"parent":0,"menu_order":0,"comment_status":"closed","ping_status":"closed","template":"","meta":{"footnotes":""},"class_list":["post-12968","page","type-page","status-publish","hentry"],"yoast_head":"<!-- This site is optimized with the Yoast SEO plugin v27.5 - https:\/\/yoast.com\/product\/yoast-seo-wordpress\/ -->\n<title>Testimonials - Sabine Pedrero - Tapissier D\u00e9corateur<\/title>\n<meta name=\"robots\" content=\"index, follow, max-snippet:-1, max-image-preview:large, max-video-preview:-1\" \/>\n<link rel=\"canonical\" href=\"https:\/\/www.sabinepedrero.com\/index.php\/testimonials\/\" \/>\n<meta property=\"og:locale\" content=\"fr_FR\" \/>\n<meta property=\"og:type\" content=\"article\" \/>\n<meta property=\"og:title\" content=\"Testimonials - Sabine Pedrero - Tapissier D\u00e9corateur\" \/>\n<meta property=\"og:description\" content=\"Testimonials Our Customers Say &#8220;Id mattis augue nunc, urna sit pharetra. In sed turpis convallis sed. Diam mauris, nullam non sed diam massa non. Ornare quis pulvinar congue nulla massa pharetra. Tincidunt erat fermentum, mattis nunc, ipsum, sed sollicitudin. Libero mus etiam..\" \/>\n<meta property=\"og:url\" content=\"https:\/\/www.sabinepedrero.com\/index.php\/testimonials\/\" \/>\n<meta property=\"og:site_name\" content=\"Sabine Pedrero - Tapissier D\u00e9corateur\" \/>\n<meta property=\"og:image\" content=\"https:\/\/elementor.zozothemes.com\/interiar\/wp-content\/uploads\/sites\/53\/2019\/07\/testi-1-1.jpg\" \/>\n<meta name=\"twitter:card\" content=\"summary_large_image\" \/>\n<meta name=\"twitter:label1\" content=\"Dur\u00e9e de lecture estim\u00e9e\" \/>\n\t<meta name=\"twitter:data1\" content=\"6 minutes\" \/>\n<script type=\"application\/ld+json\" class=\"yoast-schema-graph\">{\"@context\":\"https:\\\/\\\/schema.org\",\"@graph\":[{\"@type\":\"WebPage\",\"@id\":\"https:\\\/\\\/www.sabinepedrero.com\\\/index.php\\\/testimonials\\\/\",\"url\":\"https:\\\/\\\/www.sabinepedrero.com\\\/index.php\\\/testimonials\\\/\",\"name\":\"Testimonials - Sabine Pedrero - Tapissier D\u00e9corateur\",\"isPartOf\":{\"@id\":\"https:\\\/\\\/www.sabinepedrero.com\\\/#website\"},\"primaryImageOfPage\":{\"@id\":\"https:\\\/\\\/www.sabinepedrero.com\\\/index.php\\\/testimonials\\\/#primaryimage\"},\"image\":{\"@id\":\"https:\\\/\\\/www.sabinepedrero.com\\\/index.php\\\/testimonials\\\/#primaryimage\"},\"thumbnailUrl\":\"https:\\\/\\\/elementor.zozothemes.com\\\/interiar\\\/wp-content\\\/uploads\\\/sites\\\/53\\\/2019\\\/07\\\/testi-1-1.jpg\",\"datePublished\":\"2021-09-01T12:02:34+00:00\",\"breadcrumb\":{\"@id\":\"https:\\\/\\\/www.sabinepedrero.com\\\/index.php\\\/testimonials\\\/#breadcrumb\"},\"inLanguage\":\"fr-FR\",\"potentialAction\":[{\"@type\":\"ReadAction\",\"target\":[\"https:\\\/\\\/www.sabinepedrero.com\\\/index.php\\\/testimonials\\\/\"]}]},{\"@type\":\"ImageObject\",\"inLanguage\":\"fr-FR\",\"@id\":\"https:\\\/\\\/www.sabinepedrero.com\\\/index.php\\\/testimonials\\\/#primaryimage\",\"url\":\"https:\\\/\\\/elementor.zozothemes.com\\\/interiar\\\/wp-content\\\/uploads\\\/sites\\\/53\\\/2019\\\/07\\\/testi-1-1.jpg\",\"contentUrl\":\"https:\\\/\\\/elementor.zozothemes.com\\\/interiar\\\/wp-content\\\/uploads\\\/sites\\\/53\\\/2019\\\/07\\\/testi-1-1.jpg\"},{\"@type\":\"BreadcrumbList\",\"@id\":\"https:\\\/\\\/www.sabinepedrero.com\\\/index.php\\\/testimonials\\\/#breadcrumb\",\"itemListElement\":[{\"@type\":\"ListItem\",\"position\":1,\"name\":\"Accueil\",\"item\":\"https:\\\/\\\/www.sabinepedrero.com\\\/\"},{\"@type\":\"ListItem\",\"position\":2,\"name\":\"Testimonials\"}]},{\"@type\":\"WebSite\",\"@id\":\"https:\\\/\\\/www.sabinepedrero.com\\\/#website\",\"url\":\"https:\\\/\\\/www.sabinepedrero.com\\\/\",\"name\":\"Sabine Pedrero - Tapissier D\u00e9corateur\",\"description\":\"Restauration \\\/ Confection \\\/ D\u00e9coration \\\/ Cr\u00e9ation\",\"publisher\":{\"@id\":\"https:\\\/\\\/www.sabinepedrero.com\\\/#organization\"},\"potentialAction\":[{\"@type\":\"SearchAction\",\"target\":{\"@type\":\"EntryPoint\",\"urlTemplate\":\"https:\\\/\\\/www.sabinepedrero.com\\\/?s={search_term_string}\"},\"query-input\":{\"@type\":\"PropertyValueSpecification\",\"valueRequired\":true,\"valueName\":\"search_term_string\"}}],\"inLanguage\":\"fr-FR\"},{\"@type\":\"Organization\",\"@id\":\"https:\\\/\\\/www.sabinepedrero.com\\\/#organization\",\"name\":\"Sabine Pedrero - Tapissier D\u00e9corateur\",\"url\":\"https:\\\/\\\/www.sabinepedrero.com\\\/\",\"logo\":{\"@type\":\"ImageObject\",\"inLanguage\":\"fr-FR\",\"@id\":\"https:\\\/\\\/www.sabinepedrero.com\\\/#\\\/schema\\\/logo\\\/image\\\/\",\"url\":\"https:\\\/\\\/www.sabinepedrero.com\\\/wp-content\\\/uploads\\\/2023\\\/03\\\/cropped-cropped-prez-Sabine-Pedrero-Tapissier-1.png\",\"contentUrl\":\"https:\\\/\\\/www.sabinepedrero.com\\\/wp-content\\\/uploads\\\/2023\\\/03\\\/cropped-cropped-prez-Sabine-Pedrero-Tapissier-1.png\",\"width\":1916,\"height\":540,\"caption\":\"Sabine Pedrero - Tapissier D\u00e9corateur\"},\"image\":{\"@id\":\"https:\\\/\\\/www.sabinepedrero.com\\\/#\\\/schema\\\/logo\\\/image\\\/\"}}]}<\/script>\n<!-- \/ Yoast SEO plugin. -->","yoast_head_json":{"title":"Testimonials - Sabine Pedrero - Tapissier D\u00e9corateur","robots":{"index":"index","follow":"follow","max-snippet":"max-snippet:-1","max-image-preview":"max-image-preview:large","max-video-preview":"max-video-preview:-1"},"canonical":"https:\/\/www.sabinepedrero.com\/index.php\/testimonials\/","og_locale":"fr_FR","og_type":"article","og_title":"Testimonials - Sabine Pedrero - Tapissier D\u00e9corateur","og_description":"Testimonials Our Customers Say &#8220;Id mattis augue nunc, urna sit pharetra. In sed turpis convallis sed. Diam mauris, nullam non sed diam massa non. Ornare quis pulvinar congue nulla massa pharetra. Tincidunt erat fermentum, mattis nunc, ipsum, sed sollicitudin. Libero mus etiam..","og_url":"https:\/\/www.sabinepedrero.com\/index.php\/testimonials\/","og_site_name":"Sabine Pedrero - Tapissier D\u00e9corateur","og_image":[{"url":"https:\/\/elementor.zozothemes.com\/interiar\/wp-content\/uploads\/sites\/53\/2019\/07\/testi-1-1.jpg","type":"","width":"","height":""}],"twitter_card":"summary_large_image","twitter_misc":{"Dur\u00e9e de lecture estim\u00e9e":"6 minutes"},"schema":{"@context":"https:\/\/schema.org","@graph":[{"@type":"WebPage","@id":"https:\/\/www.sabinepedrero.com\/index.php\/testimonials\/","url":"https:\/\/www.sabinepedrero.com\/index.php\/testimonials\/","name":"Testimonials - Sabine Pedrero - Tapissier D\u00e9corateur","isPartOf":{"@id":"https:\/\/www.sabinepedrero.com\/#website"},"primaryImageOfPage":{"@id":"https:\/\/www.sabinepedrero.com\/index.php\/testimonials\/#primaryimage"},"image":{"@id":"https:\/\/www.sabinepedrero.com\/index.php\/testimonials\/#primaryimage"},"thumbnailUrl":"https:\/\/elementor.zozothemes.com\/interiar\/wp-content\/uploads\/sites\/53\/2019\/07\/testi-1-1.jpg","datePublished":"2021-09-01T12:02:34+00:00","breadcrumb":{"@id":"https:\/\/www.sabinepedrero.com\/index.php\/testimonials\/#breadcrumb"},"inLanguage":"fr-FR","potentialAction":[{"@type":"ReadAction","target":["https:\/\/www.sabinepedrero.com\/index.php\/testimonials\/"]}]},{"@type":"ImageObject","inLanguage":"fr-FR","@id":"https:\/\/www.sabinepedrero.com\/index.php\/testimonials\/#primaryimage","url":"https:\/\/elementor.zozothemes.com\/interiar\/wp-content\/uploads\/sites\/53\/2019\/07\/testi-1-1.jpg","contentUrl":"https:\/\/elementor.zozothemes.com\/interiar\/wp-content\/uploads\/sites\/53\/2019\/07\/testi-1-1.jpg"},{"@type":"BreadcrumbList","@id":"https:\/\/www.sabinepedrero.com\/index.php\/testimonials\/#breadcrumb","itemListElement":[{"@type":"ListItem","position":1,"name":"Accueil","item":"https:\/\/www.sabinepedrero.com\/"},{"@type":"ListItem","position":2,"name":"Testimonials"}]},{"@type":"WebSite","@id":"https:\/\/www.sabinepedrero.com\/#website","url":"https:\/\/www.sabinepedrero.com\/","name":"Sabine Pedrero - Tapissier D\u00e9corateur","description":"Restauration \/ Confection \/ D\u00e9coration \/ Cr\u00e9ation","publisher":{"@id":"https:\/\/www.sabinepedrero.com\/#organization"},"potentialAction":[{"@type":"SearchAction","target":{"@type":"EntryPoint","urlTemplate":"https:\/\/www.sabinepedrero.com\/?s={search_term_string}"},"query-input":{"@type":"PropertyValueSpecification","valueRequired":true,"valueName":"search_term_string"}}],"inLanguage":"fr-FR"},{"@type":"Organization","@id":"https:\/\/www.sabinepedrero.com\/#organization","name":"Sabine Pedrero - Tapissier D\u00e9corateur","url":"https:\/\/www.sabinepedrero.com\/","logo":{"@type":"ImageObject","inLanguage":"fr-FR","@id":"https:\/\/www.sabinepedrero.com\/#\/schema\/logo\/image\/","url":"https:\/\/www.sabinepedrero.com\/wp-content\/uploads\/2023\/03\/cropped-cropped-prez-Sabine-Pedrero-Tapissier-1.png","contentUrl":"https:\/\/www.sabinepedrero.com\/wp-content\/uploads\/2023\/03\/cropped-cropped-prez-Sabine-Pedrero-Tapissier-1.png","width":1916,"height":540,"caption":"Sabine Pedrero - Tapissier D\u00e9corateur"},"image":{"@id":"https:\/\/www.sabinepedrero.com\/#\/schema\/logo\/image\/"}}]}},"_links":{"self":[{"href":"https:\/\/www.sabinepedrero.com\/index.php\/wp-json\/wp\/v2\/pages\/12968","targetHints":{"allow":["GET"]}}],"collection":[{"href":"https:\/\/www.sabinepedrero.com\/index.php\/wp-json\/wp\/v2\/pages"}],"about":[{"href":"https:\/\/www.sabinepedrero.com\/index.php\/wp-json\/wp\/v2\/types\/page"}],"author":[{"embeddable":true,"href":"https:\/\/www.sabinepedrero.com\/index.php\/wp-json\/wp\/v2\/users\/1"}],"replies":[{"embeddable":true,"href":"https:\/\/www.sabinepedrero.com\/index.php\/wp-json\/wp\/v2\/comments?post=12968"}],"version-history":[{"count":0,"href":"https:\/\/www.sabinepedrero.com\/index.php\/wp-json\/wp\/v2\/pages\/12968\/revisions"}],"wp:attachment":[{"href":"https:\/\/www.sabinepedrero.com\/index.php\/wp-json\/wp\/v2\/media?parent=12968"}],"curies":[{"name":"wp","href":"https:\/\/api.w.org\/{rel}","templated":true}]}}