{"id":19750,"date":"2022-08-17T09:42:17","date_gmt":"2022-08-17T09:42:17","guid":{"rendered":"https:\/\/elementor.zozothemes.com\/interiar\/contact-us-copy\/"},"modified":"2022-08-17T09:42:17","modified_gmt":"2022-08-17T09:42:17","slug":"contact-us-2","status":"publish","type":"page","link":"https:\/\/www.sabinepedrero.com\/index.php\/contact-us-2\/","title":{"rendered":"Contact Us 2"},"content":{"rendered":"\t\t<div data-elementor-type=\"wp-page\" data-elementor-id=\"19750\" class=\"elementor elementor-19750\">\n\t\t\t\t\t\t<section class=\"elementor-section elementor-top-section elementor-element elementor-element-4907a19 elementor-section-stretched elementor-section-boxed elementor-section-height-default elementor-section-height-default wpr-particle-no wpr-jarallax-no wpr-parallax-no wpr-sticky-section-no wpr-equal-height-no\" data-id=\"4907a19\" data-element_type=\"section\" data-settings=\"{&quot;stretch_section&quot;:&quot;section-stretched&quot;}\">\n\t\t\t\t\t\t<div class=\"elementor-container elementor-column-gap-wide\">\n\t\t\t\t\t<div class=\"elementor-column elementor-col-100 elementor-top-column elementor-element elementor-element-0316adc\" data-id=\"0316adc\" data-element_type=\"column\">\n\t\t\t<div class=\"elementor-widget-wrap elementor-element-populated\">\n\t\t\t\t\t\t<section class=\"elementor-section elementor-inner-section elementor-element elementor-element-0c6c7ef elementor-section-boxed elementor-section-height-default elementor-section-height-default wpr-particle-no wpr-jarallax-no wpr-parallax-no wpr-sticky-section-no wpr-equal-height-no\" data-id=\"0c6c7ef\" data-element_type=\"section\">\n\t\t\t\t\t\t<div class=\"elementor-container elementor-column-gap-default\">\n\t\t\t\t\t<div class=\"elementor-column elementor-col-100 elementor-inner-column elementor-element elementor-element-b71dc83\" data-id=\"b71dc83\" data-element_type=\"column\">\n\t\t\t<div class=\"elementor-widget-wrap elementor-element-populated\">\n\t\t\t\t\t\t<div class=\"elementor-element elementor-element-c5de605 cea-align-center elementor-widget elementor-widget-ceasectiontitle\" data-id=\"c5de605\" data-element_type=\"widget\" data-widget_type=\"ceasectiontitle.default\">\n\t\t\t\t<div class=\"elementor-widget-container\">\n\t\t\t<div class=\"section-title-wrapper\"><div class=\"title-wrap\"><h6 class=\"sub-title\">Get in Touch<\/h6><h2 class=\"section-title\">Send Your Message<\/h2><\/div><!-- .title-wrap --><div class=\"section-description\"><\/div><!-- .section-description --><\/div><!-- .section-title-wrapper -->\t\t<\/div>\n\t\t\t\t<\/div>\n\t\t\t\t\t<\/div>\n\t\t<\/div>\n\t\t\t\t\t<\/div>\n\t\t<\/section>\n\t\t\t\t<section class=\"elementor-section elementor-inner-section elementor-element elementor-element-c395371 elementor-section-boxed elementor-section-height-default elementor-section-height-default wpr-particle-no wpr-jarallax-no wpr-parallax-no wpr-sticky-section-no wpr-equal-height-no\" data-id=\"c395371\" data-element_type=\"section\">\n\t\t\t\t\t\t<div class=\"elementor-container elementor-column-gap-default\">\n\t\t\t\t\t<div class=\"elementor-column elementor-col-33 elementor-inner-column elementor-element elementor-element-45835b1\" data-id=\"45835b1\" data-element_type=\"column\">\n\t\t\t<div class=\"elementor-widget-wrap elementor-element-populated\">\n\t\t\t\t\t\t<div class=\"elementor-element elementor-element-273de34 cea-view-default elementor-widget elementor-widget-ceafeaturebox\" data-id=\"273de34\" data-element_type=\"widget\" data-widget_type=\"ceafeaturebox.default\">\n\t\t\t\t<div class=\"elementor-widget-container feature-box-wrapper feature-box-modern\">\r\n\t\t\t<div class=\"feature-box-inner\"><div class=\"cea-featured-icon\"><i aria-hidden=\"true\" class=\"ti ti-location-pin\"><\/i><\/div><h4 class=\"feature-box-title\">Our Location<\/h4><div class=\"fbox-content\">684 West College St. Sun City, United States America.<\/div><\/div>\t\t<\/div>\r\n\t\t\t\t<\/div>\n\t\t\t\t\t<\/div>\n\t\t<\/div>\n\t\t\t\t<div class=\"elementor-column elementor-col-33 elementor-inner-column elementor-element elementor-element-6757160\" data-id=\"6757160\" data-element_type=\"column\">\n\t\t\t<div class=\"elementor-widget-wrap elementor-element-populated\">\n\t\t\t\t\t\t<div class=\"elementor-element elementor-element-75371fa cea-view-default elementor-widget elementor-widget-ceafeaturebox\" data-id=\"75371fa\" data-element_type=\"widget\" data-widget_type=\"ceafeaturebox.default\">\n\t\t\t\t<div class=\"elementor-widget-container feature-box-wrapper feature-box-modern\">\r\n\t\t\t<div class=\"feature-box-inner\"><div class=\"cea-featured-icon\"><i aria-hidden=\"true\" class=\"ti ti-headphone-alt\"><\/i><\/div><h4 class=\"feature-box-title\">Phone Number<\/h4><div class=\"fbox-content\"><a href=\"tel:(+55)654-545-5418\">(+55) 654 - 545 - 5418<\/a>\n<br>\n<a href=\"tel:(+55)654-545-1235\">(+55) 654 - 545 - 1235<\/a><\/div><\/div>\t\t<\/div>\r\n\t\t\t\t<\/div>\n\t\t\t\t\t<\/div>\n\t\t<\/div>\n\t\t\t\t<div class=\"elementor-column elementor-col-33 elementor-inner-column elementor-element elementor-element-9ce6fdb\" data-id=\"9ce6fdb\" data-element_type=\"column\">\n\t\t\t<div class=\"elementor-widget-wrap elementor-element-populated\">\n\t\t\t\t\t\t<div class=\"elementor-element elementor-element-1356b68 cea-view-default elementor-widget elementor-widget-ceafeaturebox\" data-id=\"1356b68\" data-element_type=\"widget\" data-widget_type=\"ceafeaturebox.default\">\n\t\t\t\t<div class=\"elementor-widget-container feature-box-wrapper feature-box-modern\">\r\n\t\t\t<div class=\"feature-box-inner\"><div class=\"cea-featured-icon\"><i aria-hidden=\"true\" class=\"ti ti-email\"><\/i><\/div><h4 class=\"feature-box-title\">Email Address<\/h4><div class=\"fbox-content\"><a href=\"mailto:info@example.com\">info@example.com<\/a>\n<br>\n<a href=\"mailto:info@interiar.com\">info@interiar.com<\/a><\/div><\/div>\t\t<\/div>\r\n\t\t\t\t<\/div>\n\t\t\t\t\t<\/div>\n\t\t<\/div>\n\t\t\t\t\t<\/div>\n\t\t<\/section>\n\t\t\t\t\t<\/div>\n\t\t<\/div>\n\t\t\t\t\t<\/div>\n\t\t<\/section>\n\t\t\t\t<section class=\"elementor-section elementor-top-section elementor-element elementor-element-7f7d0aa elementor-section-stretched elementor-section-boxed elementor-section-height-default elementor-section-height-default wpr-particle-no wpr-jarallax-no wpr-parallax-no wpr-sticky-section-no wpr-equal-height-no\" data-id=\"7f7d0aa\" data-element_type=\"section\" data-settings=\"{&quot;stretch_section&quot;:&quot;section-stretched&quot;}\">\n\t\t\t\t\t\t<div class=\"elementor-container elementor-column-gap-extended\">\n\t\t\t\t\t<div class=\"elementor-column elementor-col-50 elementor-top-column elementor-element elementor-element-ce4dcea\" data-id=\"ce4dcea\" data-element_type=\"column\">\n\t\t\t<div class=\"elementor-widget-wrap elementor-element-populated\">\n\t\t\t\t\t\t<div class=\"elementor-element elementor-element-f4dc60b elementor-widget elementor-widget-contactform\" data-id=\"f4dc60b\" data-element_type=\"widget\" data-widget_type=\"contactform.default\">\n\t\t\t\t<div class=\"elementor-widget-container\">\n\t\t\t<div class=\"contact-form-wrapper cf-style-classic\"><div class=\"contact-form\">\n<div class=\"wpcf7 no-js\" id=\"wpcf7-f13724-o1\" lang=\"en-US\" dir=\"ltr\" data-wpcf7-id=\"13724\">\n<div class=\"screen-reader-response\"><p role=\"status\" aria-live=\"polite\" aria-atomic=\"true\"><\/p> <ul><\/ul><\/div>\n<form action=\"\/index.php\/wp-json\/wp\/v2\/pages\/19750#wpcf7-f13724-o1\" method=\"post\" class=\"wpcf7-form init\" aria-label=\"Contact form\" novalidate=\"novalidate\" data-status=\"init\">\n<fieldset class=\"hidden-fields-container\"><input type=\"hidden\" name=\"_wpcf7\" value=\"13724\" \/><input type=\"hidden\" name=\"_wpcf7_version\" value=\"6.1.5\" \/><input type=\"hidden\" name=\"_wpcf7_locale\" value=\"en_US\" \/><input type=\"hidden\" name=\"_wpcf7_unit_tag\" value=\"wpcf7-f13724-o1\" \/><input type=\"hidden\" name=\"_wpcf7_container_post\" value=\"0\" \/><input type=\"hidden\" name=\"_wpcf7_posted_data_hash\" value=\"\" \/>\n<\/fieldset>\n<div class=\"row\">\n\t<div class=\"col-md-12\">\n\t\t<p><span class=\"wpcf7-form-control-wrap\" data-name=\"your-name\"><input size=\"40\" maxlength=\"400\" class=\"wpcf7-form-control wpcf7-text wpcf7-validates-as-required\" aria-required=\"true\" aria-invalid=\"false\" placeholder=\"Name\" value=\"\" type=\"text\" name=\"your-name\" \/><\/span><br \/>\n<span class=\"wpcf7-form-control-wrap\" data-name=\"your-email\"><input size=\"40\" maxlength=\"400\" class=\"wpcf7-form-control wpcf7-email wpcf7-validates-as-required wpcf7-text wpcf7-validates-as-email\" aria-required=\"true\" aria-invalid=\"false\" placeholder=\"Email\" value=\"\" type=\"email\" name=\"your-email\" \/><\/span><br \/>\n<span class=\"wpcf7-form-control-wrap\" data-name=\"your-phone\"><input size=\"40\" maxlength=\"400\" class=\"wpcf7-form-control wpcf7-tel wpcf7-text wpcf7-validates-as-tel\" aria-invalid=\"false\" placeholder=\"Phone\" value=\"\" type=\"tel\" name=\"your-phone\" \/><\/span>\n\t\t<\/p>\n\t<\/div>\n\t<div class=\"col-md-12\">\n\t\t<p><span class=\"wpcf7-form-control-wrap\" data-name=\"your-message\"><textarea cols=\"40\" rows=\"10\" maxlength=\"2000\" class=\"wpcf7-form-control wpcf7-textarea\" aria-invalid=\"false\" placeholder=\"Your Message\" name=\"your-message\"><\/textarea><\/span>\n\t\t<\/p>\n\t<\/div>\n\t<div class=\"col-md-12\">\n\t\t<p><input class=\"wpcf7-form-control wpcf7-submit has-spinner\" type=\"submit\" value=\"Send Now\" \/>\n\t\t<\/p>\n\t<\/div>\n<\/div><p style=\"display: none !important;\" class=\"akismet-fields-container\" data-prefix=\"_wpcf7_ak_\"><label>&#916;<textarea name=\"_wpcf7_ak_hp_textarea\" cols=\"45\" rows=\"8\" maxlength=\"100\"><\/textarea><\/label><input type=\"hidden\" id=\"ak_js_1\" name=\"_wpcf7_ak_js\" value=\"172\"\/><script type=\"text\/javascript\">\n\/* <![CDATA[ *\/\ndocument.getElementById( \"ak_js_1\" ).setAttribute( \"value\", ( new Date() ).getTime() );\n\/* ]]> *\/\n<\/script>\n<\/p><div class=\"wpcf7-response-output\" aria-hidden=\"true\"><\/div>\n<\/form>\n<\/div>\n<\/div><!-- .contact-form --><\/div><!-- .contact-form-wrapper -->\t\t<\/div>\n\t\t\t\t<\/div>\n\t\t\t\t\t<\/div>\n\t\t<\/div>\n\t\t\t\t<div class=\"elementor-column elementor-col-50 elementor-top-column elementor-element elementor-element-627f269\" data-id=\"627f269\" data-element_type=\"column\">\n\t\t\t<div class=\"elementor-widget-wrap elementor-element-populated\">\n\t\t\t\t\t\t<div class=\"elementor-element elementor-element-bad8c14 elementor-widget elementor-widget-google_maps\" data-id=\"bad8c14\" data-element_type=\"widget\" data-widget_type=\"google_maps.default\">\n\t\t\t\t<div class=\"elementor-widget-container\">\n\t\t\t<style>\/*! elementor - v3.23.0 - 05-08-2024 *\/\n.elementor-widget-google_maps .elementor-widget-container{overflow:hidden}.elementor-widget-google_maps .elementor-custom-embed{line-height:0}.elementor-widget-google_maps iframe{height:300px}<\/style>\t\t<div class=\"elementor-custom-embed\">\n\t\t\t<iframe loading=\"lazy\"\n\t\t\t\t\tsrc=\"https:\/\/maps.google.com\/maps?q=London%20Eye%2C%20London%2C%20United%20Kingdom&#038;t=m&#038;z=14&#038;output=embed&#038;iwloc=near\"\n\t\t\t\t\ttitle=\"London Eye, London, United Kingdom\"\n\t\t\t\t\taria-label=\"London Eye, London, United Kingdom\"\n\t\t\t><\/iframe>\n\t\t<\/div>\n\t\t\t\t<\/div>\n\t\t\t\t<\/div>\n\t\t\t\t\t<\/div>\n\t\t<\/div>\n\t\t\t\t\t<\/div>\n\t\t<\/section>\n\t\t\t\t<\/div>\n\t\t","protected":false},"excerpt":{"rendered":"<p>Get in Touch Send Your Message Our Location 684 West College St. Sun City, United States America. Phone Number (+55) 654 &#8211; 545 &#8211; 5418 (+55) 654 &#8211; 545 &#8211; 1235 Email Address info@example.com info@interiar.com \/*! elementor &#8211; v3.7.0 &#8211; 08-08-2022 *\/ .elementor-widget-google_maps .elementor-widget-container{overflow:hidden}.elementor-widget-google_maps iframe{height:300px}<\/p>\n","protected":false},"author":1,"featured_media":0,"parent":0,"menu_order":0,"comment_status":"closed","ping_status":"closed","template":"","meta":{"footnotes":""},"class_list":["post-19750","page","type-page","status-publish","hentry"],"yoast_head":"<!-- This site is optimized with the Yoast SEO plugin v27.5 - https:\/\/yoast.com\/product\/yoast-seo-wordpress\/ -->\n<title>Contact Us 2 - Sabine Pedrero - Tapissier D\u00e9corateur<\/title>\n<meta name=\"robots\" content=\"index, follow, max-snippet:-1, max-image-preview:large, max-video-preview:-1\" \/>\n<link rel=\"canonical\" href=\"https:\/\/www.sabinepedrero.com\/index.php\/contact-us-2\/\" \/>\n<meta property=\"og:locale\" content=\"fr_FR\" \/>\n<meta property=\"og:type\" content=\"article\" \/>\n<meta property=\"og:title\" content=\"Contact Us 2 - Sabine Pedrero - Tapissier D\u00e9corateur\" \/>\n<meta property=\"og:description\" content=\"Get in Touch Send Your Message Our Location 684 West College St. Sun City, United States America. Phone Number (+55) 654 &#8211; 545 &#8211; 5418 (+55) 654 &#8211; 545 &#8211; 1235 Email Address info@example.com info@interiar.com \/*! elementor &#8211; v3.7.0 &#8211; 08-08-2022 *\/ .elementor-widget-google_maps .elementor-widget-container{overflow:hidden}.elementor-widget-google_maps iframe{height:300px}\" \/>\n<meta property=\"og:url\" content=\"https:\/\/www.sabinepedrero.com\/index.php\/contact-us-2\/\" \/>\n<meta property=\"og:site_name\" content=\"Sabine Pedrero - Tapissier D\u00e9corateur\" \/>\n<meta name=\"twitter:card\" content=\"summary_large_image\" \/>\n<meta name=\"twitter:label1\" content=\"Dur\u00e9e de lecture estim\u00e9e\" \/>\n\t<meta name=\"twitter:data1\" content=\"1 minute\" \/>\n<script type=\"application\/ld+json\" class=\"yoast-schema-graph\">{\"@context\":\"https:\\\/\\\/schema.org\",\"@graph\":[{\"@type\":\"WebPage\",\"@id\":\"https:\\\/\\\/www.sabinepedrero.com\\\/index.php\\\/contact-us-2\\\/\",\"url\":\"https:\\\/\\\/www.sabinepedrero.com\\\/index.php\\\/contact-us-2\\\/\",\"name\":\"Contact Us 2 - Sabine Pedrero - Tapissier D\u00e9corateur\",\"isPartOf\":{\"@id\":\"https:\\\/\\\/www.sabinepedrero.com\\\/#website\"},\"datePublished\":\"2022-08-17T09:42:17+00:00\",\"breadcrumb\":{\"@id\":\"https:\\\/\\\/www.sabinepedrero.com\\\/index.php\\\/contact-us-2\\\/#breadcrumb\"},\"inLanguage\":\"fr-FR\",\"potentialAction\":[{\"@type\":\"ReadAction\",\"target\":[\"https:\\\/\\\/www.sabinepedrero.com\\\/index.php\\\/contact-us-2\\\/\"]}]},{\"@type\":\"BreadcrumbList\",\"@id\":\"https:\\\/\\\/www.sabinepedrero.com\\\/index.php\\\/contact-us-2\\\/#breadcrumb\",\"itemListElement\":[{\"@type\":\"ListItem\",\"position\":1,\"name\":\"Accueil\",\"item\":\"https:\\\/\\\/www.sabinepedrero.com\\\/\"},{\"@type\":\"ListItem\",\"position\":2,\"name\":\"Contact Us 2\"}]},{\"@type\":\"WebSite\",\"@id\":\"https:\\\/\\\/www.sabinepedrero.com\\\/#website\",\"url\":\"https:\\\/\\\/www.sabinepedrero.com\\\/\",\"name\":\"Sabine Pedrero - Tapissier D\u00e9corateur\",\"description\":\"Restauration \\\/ Confection \\\/ D\u00e9coration \\\/ Cr\u00e9ation\",\"publisher\":{\"@id\":\"https:\\\/\\\/www.sabinepedrero.com\\\/#organization\"},\"potentialAction\":[{\"@type\":\"SearchAction\",\"target\":{\"@type\":\"EntryPoint\",\"urlTemplate\":\"https:\\\/\\\/www.sabinepedrero.com\\\/?s={search_term_string}\"},\"query-input\":{\"@type\":\"PropertyValueSpecification\",\"valueRequired\":true,\"valueName\":\"search_term_string\"}}],\"inLanguage\":\"fr-FR\"},{\"@type\":\"Organization\",\"@id\":\"https:\\\/\\\/www.sabinepedrero.com\\\/#organization\",\"name\":\"Sabine Pedrero - Tapissier D\u00e9corateur\",\"url\":\"https:\\\/\\\/www.sabinepedrero.com\\\/\",\"logo\":{\"@type\":\"ImageObject\",\"inLanguage\":\"fr-FR\",\"@id\":\"https:\\\/\\\/www.sabinepedrero.com\\\/#\\\/schema\\\/logo\\\/image\\\/\",\"url\":\"https:\\\/\\\/www.sabinepedrero.com\\\/wp-content\\\/uploads\\\/2023\\\/03\\\/cropped-cropped-prez-Sabine-Pedrero-Tapissier-1.png\",\"contentUrl\":\"https:\\\/\\\/www.sabinepedrero.com\\\/wp-content\\\/uploads\\\/2023\\\/03\\\/cropped-cropped-prez-Sabine-Pedrero-Tapissier-1.png\",\"width\":1916,\"height\":540,\"caption\":\"Sabine Pedrero - Tapissier D\u00e9corateur\"},\"image\":{\"@id\":\"https:\\\/\\\/www.sabinepedrero.com\\\/#\\\/schema\\\/logo\\\/image\\\/\"}}]}<\/script>\n<!-- \/ Yoast SEO plugin. -->","yoast_head_json":{"title":"Contact Us 2 - Sabine Pedrero - Tapissier D\u00e9corateur","robots":{"index":"index","follow":"follow","max-snippet":"max-snippet:-1","max-image-preview":"max-image-preview:large","max-video-preview":"max-video-preview:-1"},"canonical":"https:\/\/www.sabinepedrero.com\/index.php\/contact-us-2\/","og_locale":"fr_FR","og_type":"article","og_title":"Contact Us 2 - Sabine Pedrero - Tapissier D\u00e9corateur","og_description":"Get in Touch Send Your Message Our Location 684 West College St. Sun City, United States America. Phone Number (+55) 654 &#8211; 545 &#8211; 5418 (+55) 654 &#8211; 545 &#8211; 1235 Email Address info@example.com info@interiar.com \/*! elementor &#8211; v3.7.0 &#8211; 08-08-2022 *\/ .elementor-widget-google_maps .elementor-widget-container{overflow:hidden}.elementor-widget-google_maps iframe{height:300px}","og_url":"https:\/\/www.sabinepedrero.com\/index.php\/contact-us-2\/","og_site_name":"Sabine Pedrero - Tapissier D\u00e9corateur","twitter_card":"summary_large_image","twitter_misc":{"Dur\u00e9e de lecture estim\u00e9e":"1 minute"},"schema":{"@context":"https:\/\/schema.org","@graph":[{"@type":"WebPage","@id":"https:\/\/www.sabinepedrero.com\/index.php\/contact-us-2\/","url":"https:\/\/www.sabinepedrero.com\/index.php\/contact-us-2\/","name":"Contact Us 2 - Sabine Pedrero - Tapissier D\u00e9corateur","isPartOf":{"@id":"https:\/\/www.sabinepedrero.com\/#website"},"datePublished":"2022-08-17T09:42:17+00:00","breadcrumb":{"@id":"https:\/\/www.sabinepedrero.com\/index.php\/contact-us-2\/#breadcrumb"},"inLanguage":"fr-FR","potentialAction":[{"@type":"ReadAction","target":["https:\/\/www.sabinepedrero.com\/index.php\/contact-us-2\/"]}]},{"@type":"BreadcrumbList","@id":"https:\/\/www.sabinepedrero.com\/index.php\/contact-us-2\/#breadcrumb","itemListElement":[{"@type":"ListItem","position":1,"name":"Accueil","item":"https:\/\/www.sabinepedrero.com\/"},{"@type":"ListItem","position":2,"name":"Contact Us 2"}]},{"@type":"WebSite","@id":"https:\/\/www.sabinepedrero.com\/#website","url":"https:\/\/www.sabinepedrero.com\/","name":"Sabine Pedrero - Tapissier D\u00e9corateur","description":"Restauration \/ Confection \/ D\u00e9coration \/ Cr\u00e9ation","publisher":{"@id":"https:\/\/www.sabinepedrero.com\/#organization"},"potentialAction":[{"@type":"SearchAction","target":{"@type":"EntryPoint","urlTemplate":"https:\/\/www.sabinepedrero.com\/?s={search_term_string}"},"query-input":{"@type":"PropertyValueSpecification","valueRequired":true,"valueName":"search_term_string"}}],"inLanguage":"fr-FR"},{"@type":"Organization","@id":"https:\/\/www.sabinepedrero.com\/#organization","name":"Sabine Pedrero - Tapissier D\u00e9corateur","url":"https:\/\/www.sabinepedrero.com\/","logo":{"@type":"ImageObject","inLanguage":"fr-FR","@id":"https:\/\/www.sabinepedrero.com\/#\/schema\/logo\/image\/","url":"https:\/\/www.sabinepedrero.com\/wp-content\/uploads\/2023\/03\/cropped-cropped-prez-Sabine-Pedrero-Tapissier-1.png","contentUrl":"https:\/\/www.sabinepedrero.com\/wp-content\/uploads\/2023\/03\/cropped-cropped-prez-Sabine-Pedrero-Tapissier-1.png","width":1916,"height":540,"caption":"Sabine Pedrero - Tapissier D\u00e9corateur"},"image":{"@id":"https:\/\/www.sabinepedrero.com\/#\/schema\/logo\/image\/"}}]}},"_links":{"self":[{"href":"https:\/\/www.sabinepedrero.com\/index.php\/wp-json\/wp\/v2\/pages\/19750","targetHints":{"allow":["GET"]}}],"collection":[{"href":"https:\/\/www.sabinepedrero.com\/index.php\/wp-json\/wp\/v2\/pages"}],"about":[{"href":"https:\/\/www.sabinepedrero.com\/index.php\/wp-json\/wp\/v2\/types\/page"}],"author":[{"embeddable":true,"href":"https:\/\/www.sabinepedrero.com\/index.php\/wp-json\/wp\/v2\/users\/1"}],"replies":[{"embeddable":true,"href":"https:\/\/www.sabinepedrero.com\/index.php\/wp-json\/wp\/v2\/comments?post=19750"}],"version-history":[{"count":0,"href":"https:\/\/www.sabinepedrero.com\/index.php\/wp-json\/wp\/v2\/pages\/19750\/revisions"}],"wp:attachment":[{"href":"https:\/\/www.sabinepedrero.com\/index.php\/wp-json\/wp\/v2\/media?parent=19750"}],"curies":[{"name":"wp","href":"https:\/\/api.w.org\/{rel}","templated":true}]}}